{"id":288,"date":"2018-04-22T15:47:04","date_gmt":"2018-04-22T15:47:04","guid":{"rendered":"http:\/\/www.radgeber-leipzig.de\/radgeber_neu\/?page_id=288"},"modified":"2022-10-24T15:29:34","modified_gmt":"2022-10-24T15:29:34","slug":"11-gebote","status":"publish","type":"page","link":"https:\/\/radgeber-leipzig.de\/?page_id=288","title":{"rendered":"11 Gebote"},"content":{"rendered":"<ol>\n<li>Putze dein Fahrrad.<\/li>\n<li>Grenze den Defekt und die zu erledigenden Arbeiten ein, so gut es dir m\u00f6glich ist.<\/li>\n<li>Komm zum Radgeber w\u00e4hrend der \u00d6ffnungszeiten und nicht kurz vor Schluss.<\/li>\n<li>Informiere dich im Laden, ob Werkstattpl\u00e4tze frei sind.<\/li>\n<li>Trage dich vor dem Schrauben in die Nutzerliste ein!<\/li>\n<li>Behandle alle Werkzeuge pfleglich und gewissenhaft.<\/li>\n<li>Frag das Radgeberpersonal, wenn du nicht weiter wei\u00dft.<\/li>\n<li>\u00a0Melde alle Defekte an Werkzeugen und Ger\u00e4ten dem Radgeberpersonal.<\/li>\n<li>R\u00e4um deinen Werkstattplatz auf, wenn du fertig bist.<\/li>\n<li>Entsorge defekte Teile in den daf\u00fcr vorgesehenen Beh\u00e4ltnissen.<\/li>\n<li>Komm bald mal wieder rum<\/li>\n<\/ol>\n","protected":false},"excerpt":{"rendered":"<p>Putze dein Fahrrad. Grenze den Defekt und die zu erledigenden Arbeiten ein, so gut es dir m\u00f6glich ist. Komm zum Radgeber w\u00e4hrend der \u00d6ffnungszeiten und nicht kurz vor Schluss. Informiere dich im Laden, ob Werkstattpl\u00e4tze frei sind. Trage dich vor dem Schrauben in die Nutzerliste ein! Behandle alle Werkzeuge pfleglich und gewissenhaft. Frag das Radgeberpersonal, &hellip; <\/p>\n<p class=\"link-more\"><a href=\"https:\/\/radgeber-leipzig.de\/?page_id=288\" class=\"more-link\"><span class=\"screen-reader-text\">\u201e11 Gebote\u201c<\/span> weiterlesen<\/a><\/p>\n","protected":false},"author":1,"featured_media":0,"parent":0,"menu_order":0,"comment_status":"closed","ping_status":"closed","template":"","meta":{"_acf_changed":false,"footnotes":""},"class_list":["post-288","page","type-page","status-publish","hentry"],"acf":[],"_links":{"self":[{"href":"https:\/\/radgeber-leipzig.de\/index.php?rest_route=\/wp\/v2\/pages\/288","targetHints":{"allow":["GET"]}}],"collection":[{"href":"https:\/\/radgeber-leipzig.de\/index.php?rest_route=\/wp\/v2\/pages"}],"about":[{"href":"https:\/\/radgeber-leipzig.de\/index.php?rest_route=\/wp\/v2\/types\/page"}],"author":[{"embeddable":true,"href":"https:\/\/radgeber-leipzig.de\/index.php?rest_route=\/wp\/v2\/users\/1"}],"replies":[{"embeddable":true,"href":"https:\/\/radgeber-leipzig.de\/index.php?rest_route=%2Fwp%2Fv2%2Fcomments&post=288"}],"version-history":[{"count":6,"href":"https:\/\/radgeber-leipzig.de\/index.php?rest_route=\/wp\/v2\/pages\/288\/revisions"}],"predecessor-version":[{"id":513,"href":"https:\/\/radgeber-leipzig.de\/index.php?rest_route=\/wp\/v2\/pages\/288\/revisions\/513"}],"wp:attachment":[{"href":"https:\/\/radgeber-leipzig.de\/index.php?rest_route=%2Fwp%2Fv2%2Fmedia&parent=288"}],"curies":[{"name":"wp","href":"https:\/\/api.w.org\/{rel}","templated":true}]}}