{"id":162,"date":"2017-12-19T21:34:54","date_gmt":"2017-12-19T21:34:54","guid":{"rendered":"http:\/\/www.radgeber-leipzig.de\/radgeber_neu\/?page_id=162"},"modified":"2019-11-21T10:29:45","modified_gmt":"2019-11-21T10:29:45","slug":"selbsthilfe","status":"publish","type":"page","link":"https:\/\/radgeber-leipzig.de\/?page_id=162","title":{"rendered":"Was geht"},"content":{"rendered":"<p>Folgende Arbeiten k\u00f6nnen bei uns ausgef\u00fchrt werden:<\/p>\n<ul>\n<li>Schlauchwechsel<\/li>\n<li>Kettenwechsel<\/li>\n<li>Steuersatztausch<\/li>\n<li>Laufradzentrierung<\/li>\n<li>&#8230;<\/li>\n<\/ul>\n<p>Diese Produkte k\u00f6nnt ihr bei uns kaufen:<\/p>\n<ul>\n<li>Schl\u00e4uche<\/li>\n<li>Reifen<\/li>\n<li>Ketten<\/li>\n<li>Bremsbel\u00e4ge<\/li>\n<li>Tretlager<\/li>\n<li>Schl\u00f6sser<\/li>\n<li>\u2026 und alle anderen handels\u00fcblichen Fahrradersatzteile und Zubeh\u00f6r.<\/li>\n<\/ul>\n<p>Diese Arbeiten kann man bei uns nicht ausf\u00fchren:<\/p>\n<ul>\n<li>L\u00f6ten<\/li>\n<li>Schwei\u00dfen<\/li>\n<li>Laminieren<\/li>\n<\/ul>\n","protected":false},"excerpt":{"rendered":"<p>Folgende Arbeiten k\u00f6nnen bei uns ausgef\u00fchrt werden: Schlauchwechsel Kettenwechsel Steuersatztausch Laufradzentrierung &#8230; Diese Produkte k\u00f6nnt ihr bei uns kaufen: Schl\u00e4uche Reifen Ketten Bremsbel\u00e4ge Tretlager Schl\u00f6sser \u2026 und alle anderen handels\u00fcblichen Fahrradersatzteile und Zubeh\u00f6r. Diese Arbeiten kann man bei uns nicht ausf\u00fchren: L\u00f6ten Schwei\u00dfen Laminieren<\/p>\n","protected":false},"author":1,"featured_media":0,"parent":116,"menu_order":0,"comment_status":"closed","ping_status":"closed","template":"","meta":{"_acf_changed":false,"footnotes":""},"class_list":["post-162","page","type-page","status-publish","hentry"],"acf":[],"_links":{"self":[{"href":"https:\/\/radgeber-leipzig.de\/index.php?rest_route=\/wp\/v2\/pages\/162","targetHints":{"allow":["GET"]}}],"collection":[{"href":"https:\/\/radgeber-leipzig.de\/index.php?rest_route=\/wp\/v2\/pages"}],"about":[{"href":"https:\/\/radgeber-leipzig.de\/index.php?rest_route=\/wp\/v2\/types\/page"}],"author":[{"embeddable":true,"href":"https:\/\/radgeber-leipzig.de\/index.php?rest_route=\/wp\/v2\/users\/1"}],"replies":[{"embeddable":true,"href":"https:\/\/radgeber-leipzig.de\/index.php?rest_route=%2Fwp%2Fv2%2Fcomments&post=162"}],"version-history":[{"count":8,"href":"https:\/\/radgeber-leipzig.de\/index.php?rest_route=\/wp\/v2\/pages\/162\/revisions"}],"predecessor-version":[{"id":461,"href":"https:\/\/radgeber-leipzig.de\/index.php?rest_route=\/wp\/v2\/pages\/162\/revisions\/461"}],"up":[{"embeddable":true,"href":"https:\/\/radgeber-leipzig.de\/index.php?rest_route=\/wp\/v2\/pages\/116"}],"wp:attachment":[{"href":"https:\/\/radgeber-leipzig.de\/index.php?rest_route=%2Fwp%2Fv2%2Fmedia&parent=162"}],"curies":[{"name":"wp","href":"https:\/\/api.w.org\/{rel}","templated":true}]}}