{"id":105,"date":"2017-12-17T15:18:01","date_gmt":"2017-12-17T15:18:01","guid":{"rendered":"http:\/\/www.radgeber-leipzig.de\/radgeber_neu\/?page_id=105"},"modified":"2018-04-23T20:36:09","modified_gmt":"2018-04-23T20:36:09","slug":"laden","status":"publish","type":"page","link":"https:\/\/radgeber-leipzig.de\/?page_id=105","title":{"rendered":"Wie es aussieht"},"content":{"rendered":"<div id=\"pl-105\"  class=\"panel-layout\" ><div id=\"pg-105-0\"  class=\"panel-grid panel-no-style\" ><div id=\"pgc-105-0-0\"  class=\"panel-grid-cell\" ><div id=\"panel-105-0-0-0\" class=\"so-panel widget widget_sow-editor panel-first-child panel-last-child\" data-index=\"0\" ><div\n\t\t\t\n\t\t\tclass=\"so-widget-sow-editor so-widget-sow-editor-base\"\n\t\t\t\n\t\t>\n<div class=\"siteorigin-widget-tinymce textwidget\">\n\t<p>Der Radgeber: Unendliche Weiten. Sieh hier einen kleinen fotografischen Rundgang durch unsere R\u00e4umlichkeiten. Wir haben sie f\u00fcr euch so sch\u00f6n gemacht.<\/p>\n<\/div>\n<\/div><\/div><\/div><\/div><div id=\"pg-105-1\"  class=\"panel-grid panel-has-style\" ><div class=\"section-heading panel-row-style panel-row-style-for-105-1\" ><div id=\"pgc-105-1-0\"  class=\"panel-grid-cell\" ><div id=\"panel-105-1-0-0\" class=\"widget_text so-panel widget widget_custom_html panel-first-child panel-last-child\" data-index=\"1\" ><h3 class=\"widget-title\">Die Lage<\/h3><div class=\"textwidget custom-html-widget\"><\/div><\/div><\/div><\/div><\/div><div id=\"pg-105-2\"  class=\"panel-grid panel-no-style\" ><div id=\"pgc-105-2-0\"  class=\"panel-grid-cell\" ><div class=\"section-content panel-cell-style panel-cell-style-for-105-2-0\" ><div id=\"panel-105-2-0-0\" class=\"widget_text so-panel widget widget_custom_html panel-first-child panel-last-child\" data-index=\"2\" ><div class=\"textwidget custom-html-widget\"><\/div><\/div><\/div><\/div><div id=\"pgc-105-2-1\"  class=\"panel-grid-cell\" ><div class=\"section-content panel-cell-style panel-cell-style-for-105-2-1\" ><div id=\"panel-105-2-1-0\" class=\"so-panel widget widget_text panel-first-child panel-last-child\" data-index=\"3\" >\t\t\t<div class=\"textwidget\"><p>Der Radgeber liegt im Herzen Leipzigs in der Leplaystra\u00dfe, gleich in der N\u00e4he des Hauptgeb\u00e4udes der Universit\u00e4t. Eine der hochfrequentierten Fahrradrouten der Stadt f\u00fchrt nah an unserem Gesch\u00e4ft durch die Gr\u00fcnewaldstra\u00dfe, der Addis-Abeba-Platz liegt direkt vor unserer T\u00fcr.<\/p>\n<\/div>\n\t\t<\/div><\/div><\/div><\/div><div id=\"pg-105-3\"  class=\"panel-grid panel-has-style\" ><div class=\"section-heading panel-row-style panel-row-style-for-105-3\" ><div id=\"pgc-105-3-0\"  class=\"panel-grid-cell\" ><div id=\"panel-105-3-0-0\" class=\"widget_text so-panel widget widget_custom_html panel-first-child panel-last-child\" data-index=\"4\" ><h3 class=\"widget-title\">Der Laden<\/h3><div class=\"textwidget custom-html-widget\"><\/div><\/div><\/div><\/div><\/div><div id=\"pg-105-4\"  class=\"panel-grid panel-has-style\" ><div class=\"section-content panel-row-style panel-row-style-for-105-4\" ><div id=\"pgc-105-4-0\"  class=\"panel-grid-cell\" ><div id=\"panel-105-4-0-0\" class=\"so-panel widget widget_sow-image panel-first-child panel-last-child\" data-index=\"5\" ><div\n\t\t\t\n\t\t\tclass=\"so-widget-sow-image so-widget-sow-image-default-8b5b6f678277-105\"\n\t\t\t\n\t\t>\n<div class=\"sow-image-container\">\n\t\t<img \n\tsrc=\"https:\/\/radgeber-leipzig.de\/wp-content\/uploads\/2018\/04\/180307_RWL_Radgeber_3.jpg\" width=\"2400\" height=\"1600\" srcset=\"https:\/\/radgeber-leipzig.de\/wp-content\/uploads\/2018\/04\/180307_RWL_Radgeber_3.jpg 2400w, https:\/\/radgeber-leipzig.de\/wp-content\/uploads\/2018\/04\/180307_RWL_Radgeber_3-300x200.jpg 300w, https:\/\/radgeber-leipzig.de\/wp-content\/uploads\/2018\/04\/180307_RWL_Radgeber_3-768x512.jpg 768w, https:\/\/radgeber-leipzig.de\/wp-content\/uploads\/2018\/04\/180307_RWL_Radgeber_3-1024x683.jpg 1024w, https:\/\/radgeber-leipzig.de\/wp-content\/uploads\/2018\/04\/180307_RWL_Radgeber_3-272x182.jpg 272w\" sizes=\"(max-width: 706px) 89vw, (max-width: 767px) 82vw, 740px\" title=\"Der Laden\" alt=\"\" \t\tclass=\"so-widget-image\"\/>\n\t<\/div>\n\n<\/div><\/div><\/div><div id=\"pgc-105-4-1\"  class=\"panel-grid-cell\" ><div id=\"panel-105-4-1-0\" class=\"so-panel widget widget_text panel-first-child panel-last-child\" data-index=\"6\" >\t\t\t<div class=\"textwidget\"><p>Auf 150 hellen Quadratmetern bieten wir euch zehn Schrauber*innenpl\u00e4tze und zwei Laufradbau- und Zentrierstationen. Wir haben sanit\u00e4re Anlagen und nat\u00fcrlich kann man sich nach getaner Arbeit bei uns auch die H\u00e4nde sauber machen.<\/p>\n<\/div>\n\t\t<\/div><\/div><\/div><\/div><div id=\"pg-105-5\"  class=\"panel-grid panel-has-style\" ><div class=\"section-heading panel-row-style panel-row-style-for-105-5\" ><div id=\"pgc-105-5-0\"  class=\"panel-grid-cell\" ><div id=\"panel-105-5-0-0\" class=\"widget_text so-panel widget widget_custom_html panel-first-child panel-last-child\" data-index=\"7\" ><h3 class=\"widget-title\">Arbeitspl\u00e4tze<\/h3><div class=\"textwidget custom-html-widget\"><\/div><\/div><\/div><\/div><\/div><div id=\"pg-105-6\"  class=\"panel-grid panel-has-style\" ><div class=\"section-content panel-row-style panel-row-style-for-105-6\" ><div id=\"pgc-105-6-0\"  class=\"panel-grid-cell\" ><div id=\"panel-105-6-0-0\" class=\"so-panel widget widget_sow-image panel-first-child panel-last-child\" data-index=\"8\" ><div\n\t\t\t\n\t\t\tclass=\"so-widget-sow-image so-widget-sow-image-default-8b5b6f678277-105\"\n\t\t\t\n\t\t>\n<div class=\"sow-image-container\">\n\t\t<img \n\tsrc=\"https:\/\/radgeber-leipzig.de\/wp-content\/uploads\/2018\/04\/180307_RWL_Radgeber_99.jpg\" width=\"2400\" height=\"1600\" srcset=\"https:\/\/radgeber-leipzig.de\/wp-content\/uploads\/2018\/04\/180307_RWL_Radgeber_99.jpg 2400w, https:\/\/radgeber-leipzig.de\/wp-content\/uploads\/2018\/04\/180307_RWL_Radgeber_99-300x200.jpg 300w, https:\/\/radgeber-leipzig.de\/wp-content\/uploads\/2018\/04\/180307_RWL_Radgeber_99-768x512.jpg 768w, https:\/\/radgeber-leipzig.de\/wp-content\/uploads\/2018\/04\/180307_RWL_Radgeber_99-1024x683.jpg 1024w, https:\/\/radgeber-leipzig.de\/wp-content\/uploads\/2018\/04\/180307_RWL_Radgeber_99-272x182.jpg 272w\" sizes=\"(max-width: 706px) 89vw, (max-width: 767px) 82vw, 740px\" title=\"Arbeitspl\u00e4tze\" alt=\"Arbeitspl\u00e4tze\" \t\tclass=\"so-widget-image\"\/>\n\t<\/div>\n\n<\/div><\/div><\/div><div id=\"pgc-105-6-1\"  class=\"panel-grid-cell\" ><div id=\"panel-105-6-1-0\" class=\"so-panel widget widget_text panel-first-child panel-last-child\" data-index=\"9\" >\t\t\t<div class=\"textwidget\"><p>Jeder unserer zehn Arbeitspl\u00e4tze verf\u00fcgt \u00fcber einen r\u00fcckenfreundlichen Montagest\u00e4nder und einen Werkzeugsatz f\u00fcr die meisten anfallenden Arbeiten. Ihr k\u00f6nnt r\u00fcckenfreundlich in Augenh\u00f6he an eurem Fahrrad schrauben und habt die wichtigen Hilfsmittel immer in Reichweite. So macht das selbst\u00e4ndige Schrauben Spa\u00df.<\/p>\n<\/div>\n\t\t<\/div><\/div><\/div><\/div><div id=\"pg-105-7\"  class=\"panel-grid panel-has-style\" ><div class=\"section-heading panel-row-style panel-row-style-for-105-7\" ><div id=\"pgc-105-7-0\"  class=\"panel-grid-cell\" ><div id=\"panel-105-7-0-0\" class=\"widget_text so-panel widget widget_custom_html panel-first-child panel-last-child\" data-index=\"10\" ><h3 class=\"widget-title\">Spezialwerkzeuge<\/h3><div class=\"textwidget custom-html-widget\"><\/div><\/div><\/div><\/div><\/div><div id=\"pg-105-8\"  class=\"panel-grid panel-has-style\" ><div class=\"section-content panel-row-style panel-row-style-for-105-8\" ><div id=\"pgc-105-8-0\"  class=\"panel-grid-cell\" ><div id=\"panel-105-8-0-0\" class=\"so-panel widget widget_sow-image panel-first-child panel-last-child\" data-index=\"11\" ><div\n\t\t\t\n\t\t\tclass=\"so-widget-sow-image so-widget-sow-image-default-8b5b6f678277-105\"\n\t\t\t\n\t\t>\n<div class=\"sow-image-container\">\n\t\t<img \n\tsrc=\"https:\/\/radgeber-leipzig.de\/wp-content\/uploads\/2018\/04\/180307_RWL_Radgeber_208.jpg\" width=\"1600\" height=\"2400\" srcset=\"https:\/\/radgeber-leipzig.de\/wp-content\/uploads\/2018\/04\/180307_RWL_Radgeber_208.jpg 1600w, https:\/\/radgeber-leipzig.de\/wp-content\/uploads\/2018\/04\/180307_RWL_Radgeber_208-200x300.jpg 200w, https:\/\/radgeber-leipzig.de\/wp-content\/uploads\/2018\/04\/180307_RWL_Radgeber_208-768x1152.jpg 768w, https:\/\/radgeber-leipzig.de\/wp-content\/uploads\/2018\/04\/180307_RWL_Radgeber_208-683x1024.jpg 683w\" sizes=\"(max-width: 706px) 89vw, (max-width: 767px) 82vw, 740px\" title=\"Spezialwerkzeuge\" alt=\"\" \t\tclass=\"so-widget-image\"\/>\n\t<\/div>\n\n<\/div><\/div><\/div><div id=\"pgc-105-8-1\"  class=\"panel-grid-cell\" ><div id=\"panel-105-8-1-0\" class=\"so-panel widget widget_text panel-first-child panel-last-child\" data-index=\"12\" >\t\t\t<div class=\"textwidget\"><p>F\u00fcr spezielle Arbeiten wie zum Beispiel Lagersitz fr\u00e4sen, Steuersatz einpressen, Gewinde schneiden und Steuerrohr fr\u00e4sen haben wir Spezialwerkzeuge im Radgeber. Wenn ihr mit diesen Tools keine Erfahrungen habt, hilft euch gern das freundliche Radgeberpersonal.<\/p>\n<\/div>\n\t\t<\/div><\/div><\/div><\/div><div id=\"pg-105-9\"  class=\"panel-grid panel-has-style\" ><div class=\"section-heading panel-row-style panel-row-style-for-105-9\" ><div id=\"pgc-105-9-0\"  class=\"panel-grid-cell\" ><div id=\"panel-105-9-0-0\" class=\"widget_text so-panel widget widget_custom_html panel-first-child panel-last-child\" data-index=\"13\" ><h3 class=\"widget-title\">Zentrierst\u00e4nder<\/h3><div class=\"textwidget custom-html-widget\"><\/div><\/div><\/div><\/div><\/div><div id=\"pg-105-10\"  class=\"panel-grid panel-has-style\" ><div class=\"section-content panel-row-style panel-row-style-for-105-10\" ><div id=\"pgc-105-10-0\"  class=\"panel-grid-cell\" ><div id=\"panel-105-10-0-0\" class=\"so-panel widget widget_sow-image panel-first-child panel-last-child\" data-index=\"14\" ><div\n\t\t\t\n\t\t\tclass=\"so-widget-sow-image so-widget-sow-image-default-8b5b6f678277-105\"\n\t\t\t\n\t\t>\n<div class=\"sow-image-container\">\n\t\t<img \n\tsrc=\"https:\/\/radgeber-leipzig.de\/wp-content\/uploads\/2018\/04\/180307_RWL_Radgeber_44.jpg\" width=\"2400\" height=\"1600\" srcset=\"https:\/\/radgeber-leipzig.de\/wp-content\/uploads\/2018\/04\/180307_RWL_Radgeber_44.jpg 2400w, https:\/\/radgeber-leipzig.de\/wp-content\/uploads\/2018\/04\/180307_RWL_Radgeber_44-300x200.jpg 300w, https:\/\/radgeber-leipzig.de\/wp-content\/uploads\/2018\/04\/180307_RWL_Radgeber_44-768x512.jpg 768w, https:\/\/radgeber-leipzig.de\/wp-content\/uploads\/2018\/04\/180307_RWL_Radgeber_44-1024x683.jpg 1024w, https:\/\/radgeber-leipzig.de\/wp-content\/uploads\/2018\/04\/180307_RWL_Radgeber_44-272x182.jpg 272w\" sizes=\"(max-width: 706px) 89vw, (max-width: 767px) 82vw, 740px\" title=\"Zentrierst\u00e4nder\" alt=\"Zentrierst\u00e4nder\" \t\tclass=\"so-widget-image\"\/>\n\t<\/div>\n\n<\/div><\/div><\/div><div id=\"pgc-105-10-1\"  class=\"panel-grid-cell\" ><div id=\"panel-105-10-1-0\" class=\"so-panel widget widget_text panel-first-child panel-last-child\" data-index=\"15\" >\t\t\t<div class=\"textwidget\"><p>F\u00fcr die meisten Arbeiten an Laufr\u00e4dern sind wir im Radgeber bestens ausger\u00fcstet. Wir bieten euch zwei Pr\u00e4zisions-Zentrierst\u00e4nder samt zugeh\u00f6rigem Werkzeug, mit denen ihr nicht nur fiese Achter beheben, sondern euch auch bei entsprechender Fertigkeit ganze Laufr\u00e4der neu bauen k\u00f6nnt.<\/p>\n<\/div>\n\t\t<\/div><\/div><\/div><\/div><div id=\"pg-105-11\"  class=\"panel-grid panel-has-style\" ><div class=\"section-heading panel-row-style panel-row-style-for-105-11\" ><div id=\"pgc-105-11-0\"  class=\"panel-grid-cell\" ><div id=\"panel-105-11-0-0\" class=\"widget_text so-panel widget widget_custom_html panel-first-child panel-last-child\" data-index=\"16\" ><h3 class=\"widget-title\">Teilereiniger<\/h3><div class=\"textwidget custom-html-widget\"><\/div><\/div><\/div><\/div><\/div><div id=\"pg-105-12\"  class=\"panel-grid panel-has-style\" ><div class=\"section-content panel-row-style panel-row-style-for-105-12\" ><div id=\"pgc-105-12-0\"  class=\"panel-grid-cell\" ><div id=\"panel-105-12-0-0\" class=\"so-panel widget widget_sow-image panel-first-child panel-last-child\" data-index=\"17\" ><div\n\t\t\t\n\t\t\tclass=\"so-widget-sow-image so-widget-sow-image-default-8b5b6f678277-105\"\n\t\t\t\n\t\t>\n<div class=\"sow-image-container\">\n\t\t<img \n\tsrc=\"https:\/\/radgeber-leipzig.de\/wp-content\/uploads\/2018\/04\/180307_RWL_Radgeber_441.jpg\" width=\"2400\" height=\"1600\" srcset=\"https:\/\/radgeber-leipzig.de\/wp-content\/uploads\/2018\/04\/180307_RWL_Radgeber_441.jpg 2400w, https:\/\/radgeber-leipzig.de\/wp-content\/uploads\/2018\/04\/180307_RWL_Radgeber_441-300x200.jpg 300w, https:\/\/radgeber-leipzig.de\/wp-content\/uploads\/2018\/04\/180307_RWL_Radgeber_441-768x512.jpg 768w, https:\/\/radgeber-leipzig.de\/wp-content\/uploads\/2018\/04\/180307_RWL_Radgeber_441-1024x683.jpg 1024w, https:\/\/radgeber-leipzig.de\/wp-content\/uploads\/2018\/04\/180307_RWL_Radgeber_441-272x182.jpg 272w\" sizes=\"(max-width: 706px) 89vw, (max-width: 767px) 82vw, 740px\" title=\"Teilereiniger\" alt=\"\" \t\tclass=\"so-widget-image\"\/>\n\t<\/div>\n\n<\/div><\/div><\/div><div id=\"pgc-105-12-1\"  class=\"panel-grid-cell\" ><div id=\"panel-105-12-1-0\" class=\"so-panel widget widget_text panel-first-child panel-last-child\" data-index=\"18\" >\t\t\t<div class=\"textwidget\"><p>F\u00fcr die Arbeit an Schaltgetriebenaben haben wir ein echtes Profiwerkzeug vor Ort: Mit unserem Teilereiniger werden auch verklebte Schaltgetriebe wieder g\u00e4ngig. Die Benutzung des Teilereinigers erfolgt bitte nur unter Aufsicht, sie ist au\u00dferdem kostenpflichtig.<\/p>\n<\/div>\n\t\t<\/div><\/div><\/div><\/div><div id=\"pg-105-13\"  class=\"panel-grid panel-has-style\" ><div class=\"section-heading panel-row-style panel-row-style-for-105-13\" ><div id=\"pgc-105-13-0\"  class=\"panel-grid-cell\" ><div id=\"panel-105-13-0-0\" class=\"widget_text so-panel widget widget_custom_html panel-first-child panel-last-child\" data-index=\"19\" ><h3 class=\"widget-title\">Gebrauchtteile<\/h3><div class=\"textwidget custom-html-widget\"><\/div><\/div><\/div><\/div><\/div><div id=\"pg-105-14\"  class=\"panel-grid panel-has-style\" ><div class=\"section-content panel-row-style panel-row-style-for-105-14\" ><div id=\"pgc-105-14-0\"  class=\"panel-grid-cell\" ><div id=\"panel-105-14-0-0\" class=\"so-panel widget widget_sow-image panel-first-child panel-last-child\" data-index=\"20\" ><div\n\t\t\t\n\t\t\tclass=\"so-widget-sow-image so-widget-sow-image-default-8b5b6f678277-105\"\n\t\t\t\n\t\t>\n<div class=\"sow-image-container\">\n\t\t<img \n\tsrc=\"https:\/\/radgeber-leipzig.de\/wp-content\/uploads\/2018\/04\/180307_RWL_Radgeber_101.jpg\" width=\"2400\" height=\"1600\" srcset=\"https:\/\/radgeber-leipzig.de\/wp-content\/uploads\/2018\/04\/180307_RWL_Radgeber_101.jpg 2400w, https:\/\/radgeber-leipzig.de\/wp-content\/uploads\/2018\/04\/180307_RWL_Radgeber_101-300x200.jpg 300w, https:\/\/radgeber-leipzig.de\/wp-content\/uploads\/2018\/04\/180307_RWL_Radgeber_101-768x512.jpg 768w, https:\/\/radgeber-leipzig.de\/wp-content\/uploads\/2018\/04\/180307_RWL_Radgeber_101-1024x683.jpg 1024w, https:\/\/radgeber-leipzig.de\/wp-content\/uploads\/2018\/04\/180307_RWL_Radgeber_101-272x182.jpg 272w\" sizes=\"(max-width: 706px) 89vw, (max-width: 767px) 82vw, 740px\" title=\"Teilereiniger\" alt=\"Teilereiniger\" \t\tclass=\"so-widget-image\"\/>\n\t<\/div>\n\n<\/div><\/div><\/div><div id=\"pgc-105-14-1\"  class=\"panel-grid-cell\" ><div id=\"panel-105-14-1-0\" class=\"so-panel widget widget_text panel-first-child panel-last-child\" data-index=\"21\" >\t\t\t<div class=\"textwidget\"><p>Wir sind der Nachhaltigkeit verpflichtet. Darum sammeln wir alte Fahrradteile, arbeiten sie auf und stellen sie euch in guter Qualit\u00e4t f\u00fcr kleines Geld zur Verf\u00fcgung. So findet man bei uns auch gebrauchte Ersatzteile, die im Fachhandel schon gar nicht mehr zu bekommen sind. Das schont den Geldbeutel, die Umwelt und macht vielleicht auch dein Fahrrad wieder fit.<\/p>\n<\/div>\n\t\t<\/div><\/div><\/div><\/div><div id=\"pg-105-15\"  class=\"panel-grid panel-has-style\" ><div class=\"section-heading panel-row-style panel-row-style-for-105-15\" ><div id=\"pgc-105-15-0\"  class=\"panel-grid-cell\" ><div id=\"panel-105-15-0-0\" class=\"widget_text so-panel widget widget_custom_html panel-first-child panel-last-child\" data-index=\"22\" ><h3 class=\"widget-title\">Neuteile<\/h3><div class=\"textwidget custom-html-widget\"><\/div><\/div><\/div><\/div><\/div><div id=\"pg-105-16\"  class=\"panel-grid panel-has-style\" ><div class=\"section-content panel-row-style panel-row-style-for-105-16\" ><div id=\"pgc-105-16-0\"  class=\"panel-grid-cell\" ><div id=\"panel-105-16-0-0\" class=\"so-panel widget widget_sow-image panel-first-child panel-last-child\" data-index=\"23\" ><div\n\t\t\t\n\t\t\tclass=\"so-widget-sow-image so-widget-sow-image-default-8b5b6f678277-105\"\n\t\t\t\n\t\t>\n<div class=\"sow-image-container\">\n\t\t<img \n\tsrc=\"https:\/\/radgeber-leipzig.de\/wp-content\/uploads\/2018\/04\/180307_RWL_Radgeber_135.jpg\" width=\"2400\" height=\"1600\" srcset=\"https:\/\/radgeber-leipzig.de\/wp-content\/uploads\/2018\/04\/180307_RWL_Radgeber_135.jpg 2400w, https:\/\/radgeber-leipzig.de\/wp-content\/uploads\/2018\/04\/180307_RWL_Radgeber_135-300x200.jpg 300w, https:\/\/radgeber-leipzig.de\/wp-content\/uploads\/2018\/04\/180307_RWL_Radgeber_135-768x512.jpg 768w, https:\/\/radgeber-leipzig.de\/wp-content\/uploads\/2018\/04\/180307_RWL_Radgeber_135-1024x683.jpg 1024w, https:\/\/radgeber-leipzig.de\/wp-content\/uploads\/2018\/04\/180307_RWL_Radgeber_135-272x182.jpg 272w\" sizes=\"(max-width: 706px) 89vw, (max-width: 767px) 82vw, 740px\" title=\"Neuteile\" alt=\"Neuteile\" \t\tclass=\"so-widget-image\"\/>\n\t<\/div>\n\n<\/div><\/div><\/div><div id=\"pgc-105-16-1\"  class=\"panel-grid-cell\" ><div id=\"panel-105-16-1-0\" class=\"so-panel widget widget_text panel-first-child panel-last-child\" data-index=\"24\" >\t\t\t<div class=\"textwidget\"><p>Jedes Fahrrad hat Verschlei\u00dfteile, die in bestimmten Abst\u00e4nden getauscht werden m\u00fcssen. Darum f\u00fchren wir ein breites Sortiment an Verschlei\u00df- und Ersatzteilen, wie z.B. Reifen, Schl\u00e4uche, Bremsbel\u00e4ge, Antriebsteile und Bowdenz\u00fcge. Au\u00dferdem haben wir ein umfangreiches Zubeh\u00f6rangebot im Laden, das z.B. Fahrradtaschen, Schl\u00f6sser, Klingeln und Beleuchtungsanlagen umfasst.<\/p>\n<\/div>\n\t\t<\/div><\/div><\/div><\/div><div id=\"pg-105-17\"  class=\"panel-grid panel-has-style\" ><div class=\"section-heading panel-row-style panel-row-style-for-105-17\" ><div id=\"pgc-105-17-0\"  class=\"panel-grid-cell\" ><div id=\"panel-105-17-0-0\" class=\"widget_text so-panel widget widget_custom_html panel-first-child panel-last-child\" data-index=\"25\" ><h3 class=\"widget-title\">Gestaltung<\/h3><div class=\"textwidget custom-html-widget\"><\/div><\/div><\/div><\/div><\/div><div id=\"pg-105-18\"  class=\"panel-grid panel-has-style\" ><div class=\"section-content panel-row-style panel-row-style-for-105-18\" ><div id=\"pgc-105-18-0\"  class=\"panel-grid-cell\" ><div id=\"panel-105-18-0-0\" class=\"so-panel widget widget_sow-image panel-first-child panel-last-child\" data-index=\"26\" ><div\n\t\t\t\n\t\t\tclass=\"so-widget-sow-image so-widget-sow-image-default-8b5b6f678277-105\"\n\t\t\t\n\t\t>\n<div class=\"sow-image-container\">\n\t\t<img \n\tsrc=\"https:\/\/radgeber-leipzig.de\/wp-content\/uploads\/2018\/04\/180307_RWL_Radgeber_132.jpg\" width=\"2400\" height=\"1703\" srcset=\"https:\/\/radgeber-leipzig.de\/wp-content\/uploads\/2018\/04\/180307_RWL_Radgeber_132.jpg 2400w, https:\/\/radgeber-leipzig.de\/wp-content\/uploads\/2018\/04\/180307_RWL_Radgeber_132-300x213.jpg 300w, https:\/\/radgeber-leipzig.de\/wp-content\/uploads\/2018\/04\/180307_RWL_Radgeber_132-768x545.jpg 768w, https:\/\/radgeber-leipzig.de\/wp-content\/uploads\/2018\/04\/180307_RWL_Radgeber_132-1024x727.jpg 1024w\" sizes=\"(max-width: 706px) 89vw, (max-width: 767px) 82vw, 740px\" title=\"Gestaltung\" alt=\"Gestaltung\" \t\tclass=\"so-widget-image\"\/>\n\t<\/div>\n\n<\/div><\/div><\/div><div id=\"pgc-105-18-1\"  class=\"panel-grid-cell\" ><div id=\"panel-105-18-1-0\" class=\"so-panel widget widget_text panel-first-child panel-last-child\" data-index=\"27\" >\t\t\t<div class=\"textwidget\"><p>Unsere Liebe zum Fahrrad kommt in der Gestaltung des Radgebers zum Ausdruck. Im Radgeber gibt es viele Details aus der Fahrradwelt zu entdecken. Unser viersprachiges Wandfahrrad ist das wohl beliebteste Fotomotiv aber noch l\u00e4ngst nicht alles &#8230;<\/p>\n<\/div>\n\t\t<\/div><\/div><\/div><\/div><div id=\"pg-105-19\"  class=\"panel-grid panel-no-style\" ><div id=\"pgc-105-19-0\"  class=\"panel-grid-cell\" ><div id=\"panel-105-19-0-0\" class=\"so-panel widget widget_sow-editor panel-first-child panel-last-child\" data-index=\"28\" ><div\n\t\t\t\n\t\t\tclass=\"so-widget-sow-editor so-widget-sow-editor-base\"\n\t\t\t\n\t\t>\n<div class=\"siteorigin-widget-tinymce textwidget\">\n\t<p><a href=\"http:\/\/www.radgeber-leipzig.de\/radgeber_neu\/?page_id=107\">unsere Mitarbeiter<\/a><\/p>\n<\/div>\n<\/div><\/div><\/div><\/div><\/div>","protected":false},"excerpt":{"rendered":"<p>Der Radgeber: Unendliche Weiten. Sieh hier einen kleinen fotografischen Rundgang durch unsere R\u00e4umlichkeiten. Wir haben sie f\u00fcr euch so sch\u00f6n gemacht.<\/p>\n","protected":false},"author":1,"featured_media":0,"parent":0,"menu_order":0,"comment_status":"closed","ping_status":"closed","template":"","meta":{"_acf_changed":false,"footnotes":""},"class_list":["post-105","page","type-page","status-publish","hentry"],"acf":[],"_links":{"self":[{"href":"https:\/\/radgeber-leipzig.de\/index.php?rest_route=\/wp\/v2\/pages\/105","targetHints":{"allow":["GET"]}}],"collection":[{"href":"https:\/\/radgeber-leipzig.de\/index.php?rest_route=\/wp\/v2\/pages"}],"about":[{"href":"https:\/\/radgeber-leipzig.de\/index.php?rest_route=\/wp\/v2\/types\/page"}],"author":[{"embeddable":true,"href":"https:\/\/radgeber-leipzig.de\/index.php?rest_route=\/wp\/v2\/users\/1"}],"replies":[{"embeddable":true,"href":"https:\/\/radgeber-leipzig.de\/index.php?rest_route=%2Fwp%2Fv2%2Fcomments&post=105"}],"version-history":[{"count":45,"href":"https:\/\/radgeber-leipzig.de\/index.php?rest_route=\/wp\/v2\/pages\/105\/revisions"}],"predecessor-version":[{"id":557,"href":"https:\/\/radgeber-leipzig.de\/index.php?rest_route=\/wp\/v2\/pages\/105\/revisions\/557"}],"wp:attachment":[{"href":"https:\/\/radgeber-leipzig.de\/index.php?rest_route=%2Fwp%2Fv2%2Fmedia&parent=105"}],"curies":[{"name":"wp","href":"https:\/\/api.w.org\/{rel}","templated":true}]}}